{"id":17,"date":"2021-10-12T12:19:00","date_gmt":"2021-10-12T12:19:00","guid":{"rendered":"http:\/\/adihguatemala.com.gt\/?page_id=17"},"modified":"2022-02-10T02:17:28","modified_gmt":"2022-02-10T02:17:28","slug":"quienes-somos","status":"publish","type":"page","link":"http:\/\/adihguatemala.com.gt\/?page_id=17","title":{"rendered":"Historia"},"content":{"rendered":"\n<p>ADIH nace en el coraz\u00f3n de su Fundador el Dr juan Oscar molina, especializado en diabetes, prevenci\u00f3n, rescate y salvamente del pie diab\u00e9tico, quien se ha dedicado a trabajar arduamente con los pacientes que padecen de la diabetes mellitus y sus complicaciones, enfermedad bien llamada la enfermedad silenciosa, considerada a nivel mundial como una pandemia de las enfermedades cr\u00f3nicas que m\u00e1s afectan a la poblaci\u00f3n mundial. En 1980 exist\u00edan 108 millones de personas con Diabetes alrededor del mundo, 165 millones en el a\u00f1o 2000, 422 millones para en el 2014 y 578 millones de personas pronosticadas para el 2030 y 700 millones para el a\u00f1o 2045 si la tendencia actual continua.<\/p>\n\n\n\n<p>En Am\u00e9rica Latina, el n\u00famero estimado de personas con diabetes en el a\u00f1o 2000 fue de 13,3 millones, en el 2011 62.8 millones y para el 2030 se ha proyectado en 91.1 millones de personas, o una duplicaci\u00f3n del n\u00famero de casos. Las estimaciones indican que la epidemia de diabetes continuar\u00e1, incluso si la prevalencia de obesidad se mantuviera como actualmente hasta el a\u00f1o 2030. El aumento al doble del n\u00famero de personas con diabetes ocurrir\u00e1 solo como consecuencia del envejecimiento de la poblaci\u00f3n y de la urbanizaci\u00f3n. Sin embargo, debido al aumento que se ha observado en la prevalencia de obesidad en muchos pa\u00edses del mundo y a la importancia de esta como factor de riesgo para diabetes, el n\u00famero de casos de diabetes en el 2030 podr\u00eda ser mucho m\u00e1s alto. La diabetes est\u00e1 calificada como una amenaza mayor para la salud p\u00fablica mundial, de la cual Am\u00e9rica Central no escapa, y cuyo costo en t\u00e9rminos de impacto econ\u00f3mico ascender\u00eda a unos $ 40.000 millones, seg\u00fan estimados por la Organizaci\u00f3n Panamericana de la Salud (OPS).<\/p>\n\n\n\n<p>Se estima que la poblaci\u00f3n guatemalteca es de alrededor de 18 millones de personas, de los cuales la prevalencia de Diabetes Mellitus tipo 2 se presenta entre 8 y 10 % de la poblaci\u00f3n, \u00f3sea, que existen entre 1.5 y 2 millones de pacientes diabetes, como un grupo no estimado que tienen la enfermedad y no son diagn\u00f3sticos. Los datos estad\u00edsticos en poder de las autoridades indican que de ese total un 56 % corresponde a hombres y 39% a mujeres, es decir que el mal afecta a tres de cada cinco varones y dos de cada cinco mujeres guatemaltecas.<\/p>\n\n\n\n<p>Las personas con Diabetes tienen una esperanza de vida reducida y una mortalidad 2 veces mayor que la poblaci\u00f3n general. Una mejor\u00eda en el cuidado de la diabetes aumentar\u00eda la esperanza de vida de estas personas, y esto a su vez llevar\u00eda una menor incidencia de complicaciones micro vasculares (nefropat\u00eda y retinopat\u00eda) y macro vasculares (enfermedades cardiovasculares, cerebrovasculares y vasculares perif\u00e9ricas) debido a que la edad y la duraci\u00f3n de la Diabetes son los principales factores de riesgo no controlables, por lo que ser\u00e1 necesario aplicar los conocimientos existentes o desarrollar tecnolog\u00edas capaces de prevenir la aparici\u00f3n de la enfermedad y de sus complicaciones, lo que contribuir\u00e1 a reducir la carga econ\u00f3mica que origina en la sociedad, que se concentra sobre todo en los gastos de hospitalizaci\u00f3n provocados por las complicaciones.<\/p>\n\n\n\n<p>En personas que sufren de diabetes mellitus, en la gran mayor\u00eda de los casos una amputaci\u00f3n va precedida de una \u00falcera. Se calcula que aproximadamente el 15% de todas las personas con diabetes se ver\u00e1 afectada por una \u00falcera a lo largo de su vida. Los datos de altas hospitalarias procedentes de todo el mundo indican que entre las personas con diabetes hasta un 20% de todas las hospitalizaciones est\u00e1n relacionadas con \u00falceras en miembros inferiores. Sin embargo, las cifras procedentes de los pa\u00edses en v\u00edas de desarrollo son insuficientes. Los datos que tenemos nos indican que los \u00edndices de prevalencia son m\u00e1s altos, posiblemente debido a la costumbre de caminar descalzo, nivel de escolaridad, nivel socioecon\u00f3mico y a que es m\u00e1s dif\u00edcil acceder a cuidados apropiados del pie. Es importante darse cuenta de que la mayor\u00eda de las \u00falceras del pie se pueden prevenir. Hasta un 85% de todas las amputaciones van precedidas de una \u00falcera del pie, y est\u00e1 claro que hay mucho por hacer para asegurar que las personas con diabetes mellitus reciban el tratamiento adecuado para dichas ulceraciones.<\/p>\n\n\n\n<p>El impacto de la enfermedad del pie diab\u00e9tico sobre la vida de las personas es devastador. Una amputaci\u00f3n es un episodio cr\u00edtico que desencadena el progreso de una serie de eventos debilitadores, desgastantes y desastrosos; la vida de quienes se someten a una amputaci\u00f3n de una extremidad no vuelven nunca m\u00e1s a la normalidad. Una amputaci\u00f3n suele tener como consecuencias una hospitalizaci\u00f3n prolongada, una rehabilitaci\u00f3n, una pr\u00f3tesis y una mayor necesidad de cuidados en casa y de servicios sociales; psicol\u00f3gicamente los pacientes al presentar la perdida de una extremidad experimentan las diferentes fases de duelo por lo que, al no tener ning\u00fan apoyo emocional por un experto, se les dificulta elaborar su proceso de duelo, los pacientes pierdan el sentido de vida, presentan depresi\u00f3n y ansiedad, ideas suicidas, incursionar en trastornos de personalidad, etc.<\/p>\n\n\n\n<p>Guatemala vive actualmente una coyuntura cr\u00edtica que est\u00e1 poniendo a prueba su sistema democr\u00e1tico. El descubrimiento de gigantescas redes de corrupci\u00f3n que atraviesan todos los niveles del Estado sumadas a la violencia que azota al pa\u00eds y la menospreciada y mal abordada Pandemia de COVID 19 ha creado un derrumbe socioecon\u00f3mico en el pa\u00eds, con p\u00e9rdidas millonarias, aumentando as\u00ed el desempleo, la desnutrici\u00f3n, un sistema educativo mal elaborado, estrategias de atenci\u00f3n medica de salud no satisfactorias, adem\u00e1s, si sumamos las cat\u00e1strofes naturales como lo fueron las tormentas Lota, Eta y tormentas y depresiones tropicales que sumieron al pa\u00eds en desgracia y m\u00e1s pobreza. Debido a dicha problem\u00e1tica, el doctor Molina y su equipo de personas interesadas en ayudar a las personas necesitadas, inicia una serie de actividades orientadas a la atenci\u00f3n medica de los pacientes, programas de ayuda alimentaria, ropa, educaci\u00f3n, detecci\u00f3n temprana de diabetes, etc. Contribuyendo en algunos casos en gastos de medicamentos, terapias, cirug\u00edas y una atenci\u00f3n m\u00e9dica a bajo costo. Se realizaron jornadas m\u00e9dicas, traslados de pacientes y apoyo psicol\u00f3gico, tanto a pacientes como a sus familiares, brindando apoyo a las personas de la tercera edad, y grupos de personas vulnerables. &nbsp;Por lo que surge la ONG ASOCIACION DESARROLLO INTEGRAL HUMANITARIA ADIH.<\/p>\n\n\n\n<p>ADIH y sus colaboradores tiene la iniciativa de elaborar un proyecto para el tratamiento de la diabetes y sus complicaciones, especialmente la complicaci\u00f3n m\u00e1s temible del pie diab\u00e9tico.<\/p>\n\n\n\n<p>Basados en las deficiencias de los servicios de salud que existen en nuestro pa\u00eds y en las necesidades de nuestra poblaci\u00f3n de pacientes diab\u00e9ticos que muchos de ellos no tienen acceso a tratamientos especializados en cl\u00ednicas privadas u hospitales y al incremento d\u00eda a d\u00eda de la morbi-mortalidad de la diabetes en Guatemala, son suficientes motivos para planificar, elaborar y construir un centro especializado al alcance econ\u00f3mico de todos&nbsp; para recibir educaci\u00f3n, prevenci\u00f3n, tratamiento especializado, as\u00ed como, facilitar ex\u00e1menes laboratorios, medicamentos, apoyo nutricional, psicol\u00f3gico, rehabilitaci\u00f3n con el compromiso social que ADIH plasma en su misi\u00f3n y visi\u00f3n.&nbsp; Inicialmente en la ciudad de Guatemala fundar un centro de referencia especializado y a mediano plazo proyectarnos en los sectores departamentales y as\u00ed alcanzar a la poblaci\u00f3n que necesite de nuestros servicios.<\/p>\n\n\n\n<p>El desaf\u00edo que implica construir, sostener y organizar un centro de excelencia para la atenci\u00f3n de pacientes con diabetes y de pie diab\u00e9tico es enorme. Pero las recompensas son mayores en cuanto a la reducci\u00f3n del n\u00famero de amputaciones, mejora de la calidad de vida de las personas con diabetes, la reinserci\u00f3n del paciente como ente productivo para su n\u00facleo familiar, el apoyo nutricional y psicol\u00f3gico tanto al paciente como a la familia y la satisfacci\u00f3n profesional para el equipo de especialistas que trabajan en tratar la diabetes, prevenci\u00f3n y salvamento del pie diab\u00e9tico y su rehabilitaci\u00f3n para poder integrarse de nuevo a la sociedad y superar los miedos que aqueja esta enfermedad.<\/p>\n","protected":false},"excerpt":{"rendered":"<p>ADIH nace en el coraz\u00f3n de su Fundador el Dr juan Oscar molina, especializado en diabetes, prevenci\u00f3n, rescate y salvamente del pie diab\u00e9tico, quien se ha dedicado a trabajar arduamente con los pacientes que padecen de la diabetes mellitus y sus complicaciones, enfermedad bien llamada la enfermedad silenciosa, considerada a nivel mundial como una pandemia <\/p>\n<div class=\"read-more-text\"><a href=\"http:\/\/adihguatemala.com.gt\/?page_id=17\" class=\"read-more\">continue reading<\/a><\/div>\n","protected":false},"author":1,"featured_media":141,"parent":0,"menu_order":0,"comment_status":"closed","ping_status":"closed","template":"","meta":{"_regular_price":[],"currency_symbol":[]},"post_slider_layout_featured_media_urls":{"thumbnail":["http:\/\/adihguatemala.com.gt\/wp-content\/uploads\/2022\/02\/unnamed-150x150.jpg",150,150,true],"post_slider_layout_landscape_large":["http:\/\/adihguatemala.com.gt\/wp-content\/uploads\/2022\/02\/unnamed-1200x800.jpg",1200,800,true],"post_slider_layout_portrait_large":["http:\/\/adihguatemala.com.gt\/wp-content\/uploads\/2022\/02\/unnamed-1200x1800.jpg",1200,1800,true],"post_slider_layout_square_large":["http:\/\/adihguatemala.com.gt\/wp-content\/uploads\/2022\/02\/unnamed-1200x1200.jpg",1200,1200,true],"post_slider_layout_landscape":["http:\/\/adihguatemala.com.gt\/wp-content\/uploads\/2022\/02\/unnamed-600x400.jpg",600,400,true],"post_slider_layout_portrait":["http:\/\/adihguatemala.com.gt\/wp-content\/uploads\/2022\/02\/unnamed-600x900.jpg",600,900,true],"post_slider_layout_square":["http:\/\/adihguatemala.com.gt\/wp-content\/uploads\/2022\/02\/unnamed-600x600.jpg",600,600,true],"full":["http:\/\/adihguatemala.com.gt\/wp-content\/uploads\/2022\/02\/unnamed-scaled.jpg",2560,1920,false]},"rise-blocks_excerpt":"ADIH nace en el coraz\u00f3n de su Fundador el Dr juan Oscar molina, especializado en diabetes, prevenci\u00f3n, rescate y salvamente del pie diab\u00e9tico, quien se ha dedicado a trabajar arduamente con los pacientes que padecen de la diabetes mellitus y sus complicaciones, enfermedad bien llamada la enfermedad silenciosa, considerada a nivel mundial como una pandemia de las enfermedades cr\u00f3nicas que..","_links":{"self":[{"href":"http:\/\/adihguatemala.com.gt\/index.php?rest_route=\/wp\/v2\/pages\/17"}],"collection":[{"href":"http:\/\/adihguatemala.com.gt\/index.php?rest_route=\/wp\/v2\/pages"}],"about":[{"href":"http:\/\/adihguatemala.com.gt\/index.php?rest_route=\/wp\/v2\/types\/page"}],"author":[{"embeddable":true,"href":"http:\/\/adihguatemala.com.gt\/index.php?rest_route=\/wp\/v2\/users\/1"}],"replies":[{"embeddable":true,"href":"http:\/\/adihguatemala.com.gt\/index.php?rest_route=%2Fwp%2Fv2%2Fcomments&post=17"}],"version-history":[{"count":3,"href":"http:\/\/adihguatemala.com.gt\/index.php?rest_route=\/wp\/v2\/pages\/17\/revisions"}],"predecessor-version":[{"id":105,"href":"http:\/\/adihguatemala.com.gt\/index.php?rest_route=\/wp\/v2\/pages\/17\/revisions\/105"}],"wp:featuredmedia":[{"embeddable":true,"href":"http:\/\/adihguatemala.com.gt\/index.php?rest_route=\/wp\/v2\/media\/141"}],"wp:attachment":[{"href":"http:\/\/adihguatemala.com.gt\/index.php?rest_route=%2Fwp%2Fv2%2Fmedia&parent=17"}],"curies":[{"name":"wp","href":"https:\/\/api.w.org\/{rel}","templated":true}]}}