{"id":3,"date":"2020-12-20T01:52:35","date_gmt":"2020-12-20T01:52:35","guid":{"rendered":"http:\/\/adihguatemala.com.gt\/?page_id=3"},"modified":"2022-02-10T02:52:56","modified_gmt":"2022-02-10T02:52:56","slug":"privacy-policy","status":"publish","type":"page","link":"http:\/\/adihguatemala.com.gt\/?page_id=3","title":{"rendered":"APADRINA UN PACIENTE QUE SUFRE PIE DIABETICO"},"content":{"rendered":"\n<h2 id=\"en-que-consiste-el-programa-de-apadrinar-un-paciente-con-pie-diabetico\"><strong>EN QUE CONSISTE EL PROGRAMA DE APADRINAR UN PACIENTE CON PIE DIAB\u00c9TICO<\/strong><\/h2>\n\n\n\n<p>El programa de padrinos Corazones generosos, es una de las iniciativas de alto impacto social que tienen como finalidad beneficiar a trav\u00e9s de la educaci\u00f3n, prevenci\u00f3n, tratamiento especializado, apoyo psicol\u00f3gico, nutricional y rehabilitaci\u00f3n a las personas que padecen de diabetes y sus complicaciones principalmente los que presentan pie diab\u00e9tico.<\/p>\n\n\n\n<p>Es un apoyo voluntario donde por medio de un aporte mensual que puede ser regular y continuo, se colabora d\u00e1ndole la oportunidad a un paciente diab\u00e9tico de escasos recursos buscar alternativas y tratamiento m\u00e9dico-quir\u00fargico para salvamento y rescate del pie diab\u00e9tico disminuyendo el riesgo de amputaci\u00f3n.<\/p>\n\n\n\n<h2 id=\"porque-apadrinar-a-un-paciente-con-pie-diabetico\"><strong>PORQUE APADRINAR A UN PACIENTE CON PIE DIAB\u00c9TICO<\/strong><\/h2>\n\n\n\n<p>Las consecuencias de la diabetes mellitus y sus complicaciones representan un impacto econ\u00f3mico alto en las instituciones tanto de salud p\u00fablica como de atenci\u00f3n medica privada. Y los pacientes de escasos recursos quedan condenados a la amputaci\u00f3n de miembros inferiores como primera opci\u00f3n de tratamiento, sin buscar otras alternativos para el salvamento.<\/p>\n\n\n\n<p>Una amputaci\u00f3n mayor supone una reducci\u00f3n en la esperanza de vida en el paciente que sufre diabetes mellitus y en el 40 % ser\u00e1n capaces de volver a caminar posteriormente con o sin pr\u00f3tesis; por el contrario, una amputaci\u00f3n menor o distal permite preservar la capacidad deambular hasta en un 92 % de los casos curados.<\/p>\n\n\n\n<p>Cuando la conservaci\u00f3n de la extremidad no es viable, la amputaci\u00f3n puede mejorar las condiciones de vida del paciente. Sin embargo, un numero de amputaciones son innecesarias, un gran n\u00famero de factores deben ser considerados antes de decidir cu\u00e1ndo y cu\u00e1nto amputar y ser oportunos en el tratamiento de ataque y abordaje del pie diab\u00e9tico bas\u00e1ndonos en la <strong>CLASIFICACION DE SAN ELIAN<\/strong> para considerar el tiempo de curaci\u00f3n, pronostico y rehabilitaci\u00f3n.<\/p>\n\n\n\n<p>El impacto negativo sobre la calidad de vida de los pacientes tras ser amputados es elevado, el deterioro de la salud y la tasa de mortalidad aumenta hasta en un 70% y los efectos psicol\u00f3gicos que afectan al paciente y a la familia.<\/p>\n\n\n\n<p>Por ello, son muchos los esfuerzos actuales que van dirigidos a encontrar estrategias de tratamientos oportunos para el r\u00e1scate del pie diab\u00e9tico, y darles la oportunidad a los pacientes de escasos recursos que no pueden costear dichos tratamientos.<\/p>\n\n\n\n<h3 id=\"cuanto-cuesta-apadrinar\"><strong>CU\u00c1NTO CUESTA APADRINAR<\/strong><\/h3>\n\n\n\n<p>No existe cantidad sugerida para apadrinar el programa, pero todo aporte suma a la lucha contra esta terrible enfermedad.<\/p>\n\n\n\n<h3 id=\"como-se-utilizan-las-donaciones\"><strong>COMO SE UTILIZAN LAS DONACIONES<\/strong><\/h3>\n\n\n\n<p>Las donaciones son empleadas para costear consultas m\u00e9dicas, curaciones, intervenciones quir\u00fargicas, terapias de rescate, estudios especiales, laboratorios, medicamentos, apoyo m\u00e9dico, psicol\u00f3gico, nutricional y de rehabilitaci\u00f3n, ortesis, calzado y programa de apoyo para pr\u00f3tesis.<\/p>\n\n\n\n<h3 id=\"que-puedo-esperar-como-padrino-o-madrina\"><strong>QUE PUEDO ESPERAR COMO PADRINO O MADRINA<\/strong><\/h3>\n\n\n\n<ul><li>Recibes un recibo debidamente autorizado por la SAT deducible del ISR,<\/li><li>Informaci\u00f3n peri\u00f3dica de logras, avances del paciente que apadrinas<\/li><li>Informaci\u00f3n de todas nuestras actividades y eventos de Adih<\/li><li>Lo m\u00e1s importante la satisfacci\u00f3n de brindar la oportunidad de evitar que nuestros pacientes sufran de amputaciones innecesariamente.<\/li><\/ul>\n\n\n\n<h3 id=\"como-puedes-hacer-tus-donaciones\"><strong>COMO PUEDES HACER TUS DONACIONES<\/strong><\/h3>\n\n\n\n<ul><li>Puedes hacer donaciones haciendo dep\u00f3sitos o transferencias bancarias a la cuenta monetaria del <strong>Banco Industrial<\/strong>, No. #<strong>144-012404-6<\/strong> a nombre de <strong>ADIH GUATEMALA<\/strong>.<\/li><li>Por medio de cheques personales, empresariales a nombre de <strong>ADIH GUATEMALA<\/strong><\/li><li>Donaciones en efectivo en nuestra sede<\/li><li>Depositando en alcanc\u00edas bien identificadas ubicadas en centros comerciales, banco, restaurantes, hoteles, etc.<\/li><li>Si tu donaci\u00f3n no es econ\u00f3mica, pero es en aportes de materiales e insumos en general, gasas esteriles, vendas, material descartable, equipo m\u00e9dico, medicamentos, art\u00edculos de rehabilitaci\u00f3n y de movilidad, etc.; o voluntariado puedes comunicarte con <strong>ADIH GUATEMALA <\/strong>al siguiente email <strong>adihguatemala@gmaI.com<\/strong> Facebook <strong>ADIH GUATEMALA<\/strong> o comun\u00edcate al tel\u00e9fono\/WhatsApp <strong>+502<\/strong> <strong>5633-5952 <\/strong>\u00a0donde te atenderemos cordialmente.<\/li><li>Todo aporte ser\u00e1 de beneficio para una causa mutua.<\/li><li><strong>SEDE<\/strong> <strong>11 CALLE 1-25 ZONA 1 EDIFICIO CLINICAS MEDICAS BROCETA OFICINA 101<\/strong><\/li><\/ul>\n\n\n\n<figure class=\"wp-block-image size-large is-resized\"><img loading=\"lazy\" src=\"http:\/\/adihguatemala.com.gt\/wp-content\/uploads\/2022\/02\/unnamed-1024x768.jpg\" alt=\"\" class=\"wp-image-141\" width=\"686\" height=\"514\" srcset=\"http:\/\/adihguatemala.com.gt\/wp-content\/uploads\/2022\/02\/unnamed-1024x768.jpg 1024w, http:\/\/adihguatemala.com.gt\/wp-content\/uploads\/2022\/02\/unnamed-300x225.jpg 300w, http:\/\/adihguatemala.com.gt\/wp-content\/uploads\/2022\/02\/unnamed-768x576.jpg 768w, http:\/\/adihguatemala.com.gt\/wp-content\/uploads\/2022\/02\/unnamed-1536x1152.jpg 1536w, http:\/\/adihguatemala.com.gt\/wp-content\/uploads\/2022\/02\/unnamed-2048x1536.jpg 2048w\" sizes=\"(max-width: 686px) 100vw, 686px\" \/><\/figure>\n","protected":false},"excerpt":{"rendered":"<p>EN QUE CONSISTE EL PROGRAMA DE APADRINAR UN PACIENTE CON PIE DIAB\u00c9TICO El programa de padrinos Corazones generosos, es una de las iniciativas de alto impacto social que tienen como finalidad beneficiar a trav\u00e9s de la educaci\u00f3n, prevenci\u00f3n, tratamiento especializado, apoyo psicol\u00f3gico, nutricional y rehabilitaci\u00f3n a las personas que padecen de diabetes y sus complicaciones <\/p>\n<div class=\"read-more-text\"><a href=\"http:\/\/adihguatemala.com.gt\/?page_id=3\" class=\"read-more\">continue reading<\/a><\/div>\n","protected":false},"author":1,"featured_media":144,"parent":0,"menu_order":0,"comment_status":"closed","ping_status":"open","template":"","meta":{"_regular_price":[],"currency_symbol":[]},"post_slider_layout_featured_media_urls":{"thumbnail":["http:\/\/adihguatemala.com.gt\/wp-content\/uploads\/2022\/02\/unnamed-1-150x150.jpg",150,150,true],"post_slider_layout_landscape_large":["http:\/\/adihguatemala.com.gt\/wp-content\/uploads\/2022\/02\/unnamed-1-1200x800.jpg",1200,800,true],"post_slider_layout_portrait_large":["http:\/\/adihguatemala.com.gt\/wp-content\/uploads\/2022\/02\/unnamed-1-1200x1200.jpg",1200,1200,true],"post_slider_layout_square_large":["http:\/\/adihguatemala.com.gt\/wp-content\/uploads\/2022\/02\/unnamed-1-1200x1200.jpg",1200,1200,true],"post_slider_layout_landscape":["http:\/\/adihguatemala.com.gt\/wp-content\/uploads\/2022\/02\/unnamed-1-600x400.jpg",600,400,true],"post_slider_layout_portrait":["http:\/\/adihguatemala.com.gt\/wp-content\/uploads\/2022\/02\/unnamed-1-600x900.jpg",600,900,true],"post_slider_layout_square":["http:\/\/adihguatemala.com.gt\/wp-content\/uploads\/2022\/02\/unnamed-1-600x600.jpg",600,600,true],"full":["http:\/\/adihguatemala.com.gt\/wp-content\/uploads\/2022\/02\/unnamed-1.jpg",1600,1200,false]},"rise-blocks_excerpt":"EN QUE CONSISTE EL PROGRAMA DE APADRINAR UN PACIENTE CON PIE DIAB\u00c9TICO El programa de padrinos Corazones generosos, es una de las iniciativas de alto impacto social que tienen como finalidad beneficiar a trav\u00e9s de la educaci\u00f3n, prevenci\u00f3n, tratamiento especializado, apoyo psicol\u00f3gico, nutricional y rehabilitaci\u00f3n a las personas que padecen de diabetes y sus complicaciones principalmente los que presentan pie..","_links":{"self":[{"href":"http:\/\/adihguatemala.com.gt\/index.php?rest_route=\/wp\/v2\/pages\/3"}],"collection":[{"href":"http:\/\/adihguatemala.com.gt\/index.php?rest_route=\/wp\/v2\/pages"}],"about":[{"href":"http:\/\/adihguatemala.com.gt\/index.php?rest_route=\/wp\/v2\/types\/page"}],"author":[{"embeddable":true,"href":"http:\/\/adihguatemala.com.gt\/index.php?rest_route=\/wp\/v2\/users\/1"}],"replies":[{"embeddable":true,"href":"http:\/\/adihguatemala.com.gt\/index.php?rest_route=%2Fwp%2Fv2%2Fcomments&post=3"}],"version-history":[{"count":7,"href":"http:\/\/adihguatemala.com.gt\/index.php?rest_route=\/wp\/v2\/pages\/3\/revisions"}],"predecessor-version":[{"id":154,"href":"http:\/\/adihguatemala.com.gt\/index.php?rest_route=\/wp\/v2\/pages\/3\/revisions\/154"}],"wp:featuredmedia":[{"embeddable":true,"href":"http:\/\/adihguatemala.com.gt\/index.php?rest_route=\/wp\/v2\/media\/144"}],"wp:attachment":[{"href":"http:\/\/adihguatemala.com.gt\/index.php?rest_route=%2Fwp%2Fv2%2Fmedia&parent=3"}],"curies":[{"name":"wp","href":"https:\/\/api.w.org\/{rel}","templated":true}]}}