{"id":94,"date":"2022-02-10T01:03:12","date_gmt":"2022-02-10T01:03:12","guid":{"rendered":"http:\/\/adihguatemala.com.gt\/?page_id=94"},"modified":"2022-02-10T02:06:19","modified_gmt":"2022-02-10T02:06:19","slug":"mision-y-vision","status":"publish","type":"page","link":"http:\/\/adihguatemala.com.gt\/?page_id=94","title":{"rendered":"Misi\u00f3n y Visi\u00f3n"},"content":{"rendered":"\n<h2 id=\"mision\">Misi\u00f3n<\/h2>\n\n\n\n<p>Ser una ONG que promueve el desarrollo integral de las personas, comprometida con mejorar la salud y la calidad de vida, la convivencia saludable y armoniosa, la ayuda comunitaria, facilitando la autogesti\u00f3n sustentable desde los \u00e1mbitos social, cultural, educativo, salud, capacitaci\u00f3n, producci\u00f3n y medio ambiente.<\/p>\n\n\n\n<h2 id=\"vision\">Visi\u00f3n<\/h2>\n\n\n\n<p>Ser el medio confiable y veraz de crecimiento y desarrollo integral humanitario, para alcanzar el bienestar de la familia guatemalteca comprometidos en el cumplimiento de los proyectos que contribuyan a la mejora de su entorno.<\/p>\n","protected":false},"excerpt":{"rendered":"<p>Misi\u00f3n Ser una ONG que promueve el desarrollo integral de las personas, comprometida con mejorar la salud y la calidad de vida, la convivencia saludable y armoniosa, la ayuda comunitaria, facilitando la autogesti\u00f3n sustentable desde los \u00e1mbitos social, cultural, educativo, salud, capacitaci\u00f3n, producci\u00f3n y medio ambiente. Visi\u00f3n Ser el medio confiable y veraz de crecimiento <\/p>\n<div class=\"read-more-text\"><a href=\"http:\/\/adihguatemala.com.gt\/?page_id=94\" class=\"read-more\">continue reading<\/a><\/div>\n","protected":false},"author":1,"featured_media":137,"parent":0,"menu_order":0,"comment_status":"closed","ping_status":"closed","template":"","meta":{"_regular_price":[],"currency_symbol":[]},"post_slider_layout_featured_media_urls":{"thumbnail":["http:\/\/adihguatemala.com.gt\/wp-content\/uploads\/2022\/02\/155116606--150x150.webp",150,150,true],"post_slider_layout_landscape_large":["http:\/\/adihguatemala.com.gt\/wp-content\/uploads\/2022\/02\/155116606-.webp",450,300,false],"post_slider_layout_portrait_large":["http:\/\/adihguatemala.com.gt\/wp-content\/uploads\/2022\/02\/155116606-.webp",450,300,false],"post_slider_layout_square_large":["http:\/\/adihguatemala.com.gt\/wp-content\/uploads\/2022\/02\/155116606-.webp",450,300,false],"post_slider_layout_landscape":["http:\/\/adihguatemala.com.gt\/wp-content\/uploads\/2022\/02\/155116606-.webp",450,300,false],"post_slider_layout_portrait":["http:\/\/adihguatemala.com.gt\/wp-content\/uploads\/2022\/02\/155116606-.webp",450,300,false],"post_slider_layout_square":["http:\/\/adihguatemala.com.gt\/wp-content\/uploads\/2022\/02\/155116606-.webp",450,300,false],"full":["http:\/\/adihguatemala.com.gt\/wp-content\/uploads\/2022\/02\/155116606-.webp",450,300,false]},"rise-blocks_excerpt":"Misi\u00f3n Ser una ONG que promueve el desarrollo integral de las personas, comprometida con mejorar la salud y la calidad de vida, la convivencia saludable y armoniosa, la ayuda comunitaria, facilitando la autogesti\u00f3n sustentable desde los \u00e1mbitos social, cultural, educativo, salud, capacitaci\u00f3n, producci\u00f3n y medio ambiente. Visi\u00f3n Ser el medio confiable y veraz de crecimiento y desarrollo integral humanitario, para..","_links":{"self":[{"href":"http:\/\/adihguatemala.com.gt\/index.php?rest_route=\/wp\/v2\/pages\/94"}],"collection":[{"href":"http:\/\/adihguatemala.com.gt\/index.php?rest_route=\/wp\/v2\/pages"}],"about":[{"href":"http:\/\/adihguatemala.com.gt\/index.php?rest_route=\/wp\/v2\/types\/page"}],"author":[{"embeddable":true,"href":"http:\/\/adihguatemala.com.gt\/index.php?rest_route=\/wp\/v2\/users\/1"}],"replies":[{"embeddable":true,"href":"http:\/\/adihguatemala.com.gt\/index.php?rest_route=%2Fwp%2Fv2%2Fcomments&post=94"}],"version-history":[{"count":1,"href":"http:\/\/adihguatemala.com.gt\/index.php?rest_route=\/wp\/v2\/pages\/94\/revisions"}],"predecessor-version":[{"id":95,"href":"http:\/\/adihguatemala.com.gt\/index.php?rest_route=\/wp\/v2\/pages\/94\/revisions\/95"}],"wp:featuredmedia":[{"embeddable":true,"href":"http:\/\/adihguatemala.com.gt\/index.php?rest_route=\/wp\/v2\/media\/137"}],"wp:attachment":[{"href":"http:\/\/adihguatemala.com.gt\/index.php?rest_route=%2Fwp%2Fv2%2Fmedia&parent=94"}],"curies":[{"name":"wp","href":"https:\/\/api.w.org\/{rel}","templated":true}]}}