{"id":98,"date":"2022-02-10T01:05:08","date_gmt":"2022-02-10T01:05:08","guid":{"rendered":"http:\/\/adihguatemala.com.gt\/?page_id=98"},"modified":"2022-02-10T02:30:42","modified_gmt":"2022-02-10T02:30:42","slug":"objetivos","status":"publish","type":"page","link":"http:\/\/adihguatemala.com.gt\/?page_id=98","title":{"rendered":"Objetivos"},"content":{"rendered":"\n<p>Somos una entidad de apoyo para los sectores poblacionales desfavorecidos de Guatemala, desarrollando actividades sociales, culturales, educativas, de salud integral y de seguridad ciudadana, para el mejoramiento de las condiciones de personas de escasos recursos en estas \u00e1reas, que permitan desarrollar proyectos propiciando oportunidades par contribuir para el mejoramiento de sus condiciones de vida, mediante el establecimiento de est\u00e1ndares m\u00ednimos de evaluaci\u00f3n biopsicosocial a fin de lograr una armoniosa interacci\u00f3n con su medio ambiente.<\/p>\n\n\n\n<ol type=\"1\"><li>Promover la organizaci\u00f3n de sus asociados para la soluci\u00f3n de sus problemas y necesidades comunes.<\/li><li>&nbsp;Procurar el mejoramiento de las condiciones de vida de los asociados y de la comunidad. <\/li><li>Fomentar los valores c\u00edvicos, \u00e9ticos, morales, espirituales y cient\u00edficos de sus asociados y de la comunidad<\/li><li>Promover programas que permitan el desarrollo rural y desarrollo de organizaci\u00f3n de comunidades, as\u00ed como la integraci\u00f3n regional<\/li><li>Fomentar la inserci\u00f3n de la familia, sociedad civil en el proceso de fortalecimiento de la democracia a trav\u00e9s de talleres, investigaci\u00f3n participativa, asesor\u00eda y capacitaci\u00f3n.<\/li><li>Capacitar a la poblaci\u00f3n para que conozcan y ejerzan sus derechos ciudadanos en el marco de una sociedad democr\u00e1tica<\/li><li>Realizar estudios e investigaciones con el objeto de promover programas de seguridad ciudadana, brindando asesor\u00edas, consultor\u00edas e investigaci\u00f3n participativa.<\/li><li>Proteger, promover y educar en la conservaci\u00f3n del medio ambiente y practicas agroforestales y mineras<\/li><li>Desarrollo de proyectos en las agr\u00edcolas, pecuarias, forestales, <a>etc\u00e9tera<\/a>.&nbsp;<\/li><li>Ejecutar, elaborar y planificar proyectos de infraestructura social b\u00e1sica, tales como: carreteras, caminos rurales, agua potable, alcantarillado, drenajes, energ\u00eda el\u00e9ctrica, puentes, escuelas, centros de salud, hospitales, desarrollo urbano y habitacional<\/li><li>Gestionar y canalizar asistencia econ\u00f3mica y t\u00e9cnica e investigativa, nacional e internacional, para la realizaci\u00f3n de actividades en el \u00e1mbito de educaci\u00f3n, salud, infraestructura social b\u00e1sica, asesor\u00eda legal, fortalecimiento de la democracia, poder civil, investigaci\u00f3n social, asesor\u00eda en comunicaci\u00f3n social, desarrollo comunitario y en el \u00e1mbito de la seguridad ciudadana<\/li><li>Promover proyectos de manejo y tratamientos de desechos solidos<\/li><li>Realizar las dem\u00e1s funciones, gestiones y actividades que correspondan a su naturaleza y contribuyan a la realizaci\u00f3n de las finalidades de la asociaci\u00f3n<\/li><li>Realizar e implementar programas de ayuda a la comunidad en el \u00e1mbito de la prevenci\u00f3n de enfermedades y atenci\u00f3n a la salud integral<\/li><li>Promover el apoyo, orientaci\u00f3n a las personas que requieran de tratamientos m\u00e9dicos, psicol\u00f3gicos y hospitalarios, m\u00e9dicos ambulatorios, as\u00ed como contribuir a realizar campa\u00f1as de prevenci\u00f3n y jornadas medicas preventivas.<\/li><li>Contribuir al desarrollo de programas de saneamiento b\u00e1sico<\/li><li>Recaudar aportes econ\u00f3micos, dinerarios, los cuales ser\u00e1n destinados para el desarrollo de la infraestructura, art\u00edculos de mobiliarios, equipos, materiales did\u00e1cticos, alimentaci\u00f3n, medicinas, o cualquiera otra necesidad.<\/li><li>Desarrollar planes y programas que fomenten actividades culturales, cient\u00edficas, art\u00edsticas, entre otras, desde la intervenci\u00f3n comunitaria, la educaci\u00f3n, la promoci\u00f3n de la salud, promoviendo la inclusi\u00f3n social activa y el fortalecimiento de la familia en sociedad<\/li><li>Asistir brindando servicios educativos, a trav\u00e9s de formaciones a la poblaci\u00f3n en general<\/li><li>Formar profesionales que, con herramientas pr\u00e1cticas, encaucen su asistencia desde el \u00e1rea que les compete al trabajo e interacci\u00f3n con la familia, centrando su trabajo desde la prevenci\u00f3n y hacia la salud y la educaci\u00f3n<\/li><li>Promover la Investigaci\u00f3n, e Informaci\u00f3n a fin de Intensificar el intercambio de conocimientos especializados en todos los niveles.<\/li><\/ol>\n\n\n\n<hr class=\"wp-block-separator\"\/>\n\n\n\n<p><a id=\"_msocom_1\"><\/a><\/p>\n\n\n\n<p><\/p>\n","protected":false},"excerpt":{"rendered":"<p>Somos una entidad de apoyo para los sectores poblacionales desfavorecidos de Guatemala, desarrollando actividades sociales, culturales, educativas, de salud integral y de seguridad ciudadana, para el mejoramiento de las condiciones de personas de escasos recursos en estas \u00e1reas, que permitan desarrollar proyectos propiciando oportunidades par contribuir para el mejoramiento de sus condiciones de vida, mediante <\/p>\n<div class=\"read-more-text\"><a href=\"http:\/\/adihguatemala.com.gt\/?page_id=98\" class=\"read-more\">continue reading<\/a><\/div>\n","protected":false},"author":1,"featured_media":145,"parent":0,"menu_order":0,"comment_status":"closed","ping_status":"closed","template":"","meta":{"_regular_price":[],"currency_symbol":[]},"post_slider_layout_featured_media_urls":{"thumbnail":["http:\/\/adihguatemala.com.gt\/wp-content\/uploads\/2022\/02\/image_doc-99b8lz-150x150.jpg",150,150,true],"post_slider_layout_landscape_large":["http:\/\/adihguatemala.com.gt\/wp-content\/uploads\/2022\/02\/image_doc-99b8lz.jpg",880,587,false],"post_slider_layout_portrait_large":["http:\/\/adihguatemala.com.gt\/wp-content\/uploads\/2022\/02\/image_doc-99b8lz.jpg",880,587,false],"post_slider_layout_square_large":["http:\/\/adihguatemala.com.gt\/wp-content\/uploads\/2022\/02\/image_doc-99b8lz.jpg",880,587,false],"post_slider_layout_landscape":["http:\/\/adihguatemala.com.gt\/wp-content\/uploads\/2022\/02\/image_doc-99b8lz-600x400.jpg",600,400,true],"post_slider_layout_portrait":["http:\/\/adihguatemala.com.gt\/wp-content\/uploads\/2022\/02\/image_doc-99b8lz-600x587.jpg",600,587,true],"post_slider_layout_square":["http:\/\/adihguatemala.com.gt\/wp-content\/uploads\/2022\/02\/image_doc-99b8lz-600x587.jpg",600,587,true],"full":["http:\/\/adihguatemala.com.gt\/wp-content\/uploads\/2022\/02\/image_doc-99b8lz.jpg",880,587,false]},"rise-blocks_excerpt":"Somos una entidad de apoyo para los sectores poblacionales desfavorecidos de Guatemala, desarrollando actividades sociales, culturales, educativas, de salud integral y de seguridad ciudadana, para el mejoramiento de las condiciones de personas de escasos recursos en estas \u00e1reas, que permitan desarrollar proyectos propiciando oportunidades par contribuir para el mejoramiento de sus condiciones de vida, mediante el establecimiento de est\u00e1ndares m\u00ednimos..","_links":{"self":[{"href":"http:\/\/adihguatemala.com.gt\/index.php?rest_route=\/wp\/v2\/pages\/98"}],"collection":[{"href":"http:\/\/adihguatemala.com.gt\/index.php?rest_route=\/wp\/v2\/pages"}],"about":[{"href":"http:\/\/adihguatemala.com.gt\/index.php?rest_route=\/wp\/v2\/types\/page"}],"author":[{"embeddable":true,"href":"http:\/\/adihguatemala.com.gt\/index.php?rest_route=\/wp\/v2\/users\/1"}],"replies":[{"embeddable":true,"href":"http:\/\/adihguatemala.com.gt\/index.php?rest_route=%2Fwp%2Fv2%2Fcomments&post=98"}],"version-history":[{"count":4,"href":"http:\/\/adihguatemala.com.gt\/index.php?rest_route=\/wp\/v2\/pages\/98\/revisions"}],"predecessor-version":[{"id":140,"href":"http:\/\/adihguatemala.com.gt\/index.php?rest_route=\/wp\/v2\/pages\/98\/revisions\/140"}],"wp:featuredmedia":[{"embeddable":true,"href":"http:\/\/adihguatemala.com.gt\/index.php?rest_route=\/wp\/v2\/media\/145"}],"wp:attachment":[{"href":"http:\/\/adihguatemala.com.gt\/index.php?rest_route=%2Fwp%2Fv2%2Fmedia&parent=98"}],"curies":[{"name":"wp","href":"https:\/\/api.w.org\/{rel}","templated":true}]}}